{"id":176,"date":"2022-11-04T11:38:45","date_gmt":"2022-11-04T10:38:45","guid":{"rendered":"https:\/\/sierpechocolate.com\/?page_id=176"},"modified":"2023-10-27T14:30:27","modified_gmt":"2023-10-27T13:30:27","slug":"chocolate-shop","status":"publish","type":"page","link":"https:\/\/sierpechocolate.com\/?page_id=176","title":{"rendered":"Chocolate Shop"},"content":{"rendered":"\n<p>Please change to the <a href=\"https:\/\/de.sierpechocolate.com\/?post_type=product\" data-type=\"URL\" data-id=\"https:\/\/de.sierpechocolate.com\/?post_type=product\">German version<\/a> of the web page to order our chocolate via the Web-Shop<\/p>\n\n\n\n<div id=\"wp-block-themeisle-blocks-advanced-columns-0a44a038\" class=\"wp-block-themeisle-blocks-advanced-columns has-1-columns has-desktop-equal-layout has-tablet-equal-layout has-mobile-equal-layout has-vertical-unset\"><div class=\"wp-block-themeisle-blocks-advanced-columns-overlay\"><\/div><div class=\"innerblocks-wrap\">\n<div id=\"wp-block-themeisle-blocks-advanced-column-96ccd48d\" class=\"wp-block-themeisle-blocks-advanced-column\">\n<figure class=\"wp-block-gallery has-nested-images columns-default is-cropped wp-block-gallery-1 is-layout-flex wp-block-gallery-is-layout-flex\">\n<figure class=\"wp-block-image size-large\"><img loading=\"lazy\" decoding=\"async\" width=\"1024\" height=\"768\" data-id=\"259\" src=\"https:\/\/sierpechocolate.com\/wp-content\/uploads\/2023\/04\/9e6bca49-6eeb-46c8-9034-6e6362354067.jpeg\" alt=\"\" class=\"wp-image-259\" srcset=\"https:\/\/sierpechocolate.com\/wp-content\/uploads\/2023\/04\/9e6bca49-6eeb-46c8-9034-6e6362354067.jpeg 1024w, https:\/\/sierpechocolate.com\/wp-content\/uploads\/2023\/04\/9e6bca49-6eeb-46c8-9034-6e6362354067-300x225.jpeg 300w, https:\/\/sierpechocolate.com\/wp-content\/uploads\/2023\/04\/9e6bca49-6eeb-46c8-9034-6e6362354067-768x576.jpeg 768w, https:\/\/sierpechocolate.com\/wp-content\/uploads\/2023\/04\/9e6bca49-6eeb-46c8-9034-6e6362354067-600x450.jpeg 600w\" sizes=\"auto, (max-width: 1024px) 100vw, 1024px\" \/><\/figure>\n\n\n\n<figure class=\"wp-block-image size-large\"><img loading=\"lazy\" decoding=\"async\" width=\"400\" height=\"300\" data-id=\"245\" src=\"https:\/\/sierpechocolate.com\/wp-content\/uploads\/2023\/04\/20230317_135205.jpg\" alt=\"\" class=\"wp-image-245\" srcset=\"https:\/\/sierpechocolate.com\/wp-content\/uploads\/2023\/04\/20230317_135205.jpg 400w, https:\/\/sierpechocolate.com\/wp-content\/uploads\/2023\/04\/20230317_135205-300x225.jpg 300w\" sizes=\"auto, (max-width: 400px) 100vw, 400px\" \/><\/figure>\n\n\n\n<figure class=\"wp-block-image size-large\"><img loading=\"lazy\" decoding=\"async\" width=\"1024\" height=\"768\" data-id=\"258\" src=\"https:\/\/sierpechocolate.com\/wp-content\/uploads\/2023\/04\/08f900f9-4960-4f18-bc3f-6cfda7d72423.jpeg\" alt=\"\" class=\"wp-image-258\" srcset=\"https:\/\/sierpechocolate.com\/wp-content\/uploads\/2023\/04\/08f900f9-4960-4f18-bc3f-6cfda7d72423.jpeg 1024w, https:\/\/sierpechocolate.com\/wp-content\/uploads\/2023\/04\/08f900f9-4960-4f18-bc3f-6cfda7d72423-300x225.jpeg 300w, https:\/\/sierpechocolate.com\/wp-content\/uploads\/2023\/04\/08f900f9-4960-4f18-bc3f-6cfda7d72423-768x576.jpeg 768w, https:\/\/sierpechocolate.com\/wp-content\/uploads\/2023\/04\/08f900f9-4960-4f18-bc3f-6cfda7d72423-600x450.jpeg 600w\" sizes=\"auto, (max-width: 1024px) 100vw, 1024px\" \/><\/figure>\n<\/figure>\n<\/div>\n<\/div><\/div>\n\n\n\n<p><\/p>\n\n\n\n<p>Currently ordering via the web shop is only possible in Germany. If you want to order to another country, please <a href=\"https:\/\/sierpechocolate.com\/?page_id=273\" data-type=\"link\" data-id=\"https:\/\/sierpechocolate.com\/?page_id=273\">contact us<\/a>.<br><br>Lieferung derzeit nur nach Deutschland. Wenn Sie in ein anderes Land bestellen m\u00f6chten, <a href=\"https:\/\/de.sierpechocolate.com\/?page_id=294\" data-type=\"link\" data-id=\"https:\/\/de.sierpechocolate.com\/?page_id=294\">kontaktieren Sie uns bitte<\/a>.<br><br>Actualmente, los pedidos a trav\u00e9s de la tienda web s\u00f3lo son posibles en Alemania. Si desea hacer un pedido a otro pa\u00eds, <a href=\"https:\/\/cr.sierpechocolate.com\/?page_id=216\" data-type=\"link\" data-id=\"https:\/\/cr.sierpechocolate.com\/?page_id=216\">p\u00f3ngase en contacto con nosotros<\/a>.<\/p>\n","protected":false},"excerpt":{"rendered":"<p>Please change to the German version of the web page to order our chocolate via the Web-Shop Currently ordering via the web shop is only possible in Germany. If you want to order to another country, please contact us. Lieferung derzeit nur nach Deutschland. Wenn Sie in ein anderes Land bestellen m\u00f6chten, kontaktieren Sie uns&hellip;&nbsp;<\/p>\n","protected":false},"author":1,"featured_media":0,"parent":0,"menu_order":0,"comment_status":"closed","ping_status":"closed","template":"","meta":{"neve_meta_sidebar":"","neve_meta_container":"","neve_meta_enable_content_width":"","neve_meta_content_width":0,"neve_meta_title_alignment":"","neve_meta_author_avatar":"","neve_post_elements_order":"","neve_meta_disable_header":"","neve_meta_disable_footer":"on","neve_meta_disable_title":"","_themeisle_gutenberg_block_has_review":false,"_locale":"de_DE","_original_post":"https:\/\/sierpechocolate.com\/?page_id=176","footnotes":""},"class_list":["post-176","page","type-page","status-publish","hentry","de-DE"],"_links":{"self":[{"href":"https:\/\/sierpechocolate.com\/index.php?rest_route=\/wp\/v2\/pages\/176","targetHints":{"allow":["GET"]}}],"collection":[{"href":"https:\/\/sierpechocolate.com\/index.php?rest_route=\/wp\/v2\/pages"}],"about":[{"href":"https:\/\/sierpechocolate.com\/index.php?rest_route=\/wp\/v2\/types\/page"}],"author":[{"embeddable":true,"href":"https:\/\/sierpechocolate.com\/index.php?rest_route=\/wp\/v2\/users\/1"}],"replies":[{"embeddable":true,"href":"https:\/\/sierpechocolate.com\/index.php?rest_route=%2Fwp%2Fv2%2Fcomments&post=176"}],"version-history":[{"count":6,"href":"https:\/\/sierpechocolate.com\/index.php?rest_route=\/wp\/v2\/pages\/176\/revisions"}],"predecessor-version":[{"id":299,"href":"https:\/\/sierpechocolate.com\/index.php?rest_route=\/wp\/v2\/pages\/176\/revisions\/299"}],"wp:attachment":[{"href":"https:\/\/sierpechocolate.com\/index.php?rest_route=%2Fwp%2Fv2%2Fmedia&parent=176"}],"curies":[{"name":"wp","href":"https:\/\/api.w.org\/{rel}","templated":true}]}}